{"id":25,"date":"2021-10-07T11:14:39","date_gmt":"2021-10-07T11:14:39","guid":{"rendered":"https:\/\/www.bf-laptops-notebooks.com\/?page_id=25"},"modified":"2026-02-22T12:45:05","modified_gmt":"2026-02-22T11:45:05","slug":"impressum","status":"publish","type":"page","link":"https:\/\/www.bf-laptops-notebooks.com\/en\/impressum\/","title":{"rendered":"Impressum &amp; Terms"},"content":{"rendered":"\t\t<div data-elementor-type=\"wp-page\" data-elementor-id=\"25\" class=\"elementor elementor-25\" data-elementor-settings=\"[]\">\n\t\t\t\t\t\t\t<div class=\"elementor-section-wrap\">\n\t\t\t\t\t\t\t<section class=\"elementor-section elementor-top-section elementor-element elementor-element-03cb251 elementor-section-boxed elementor-section-height-default elementor-section-height-default\" data-id=\"03cb251\" data-element_type=\"section\" data-settings=\"{&quot;background_background&quot;:&quot;classic&quot;}\">\n\t\t\t\t\t\t<div class=\"elementor-container elementor-column-gap-default\">\n\t\t\t\t\t<div class=\"elementor-column elementor-col-100 elementor-top-column elementor-element elementor-element-2da2679\" data-id=\"2da2679\" data-element_type=\"column\">\n\t\t\t<div class=\"elementor-widget-wrap elementor-element-populated\">\n\t\t\t\t\t\t\t\t<div class=\"elementor-element elementor-element-992c99c elementor-widget elementor-widget-spacer\" data-id=\"992c99c\" data-element_type=\"widget\" data-widget_type=\"spacer.default\">\n\t\t\t\t<div class=\"elementor-widget-container\">\n\t\t\t\t\t<div class=\"elementor-spacer\">\n\t\t\t<div class=\"elementor-spacer-inner\"><\/div>\n\t\t<\/div>\n\t\t\t\t<\/div>\n\t\t\t\t<\/div>\n\t\t\t\t\t<\/div>\n\t\t<\/div>\n\t\t\t\t\t\t\t<\/div>\n\t\t<\/section>\n\t\t\t\t<section class=\"elementor-section elementor-top-section elementor-element elementor-element-9005fda elementor-section-boxed elementor-section-height-default elementor-section-height-default\" data-id=\"9005fda\" data-element_type=\"section\" data-settings=\"{&quot;background_background&quot;:&quot;classic&quot;}\">\n\t\t\t\t\t\t<div class=\"elementor-container elementor-column-gap-default\">\n\t\t\t\t\t<div class=\"elementor-column elementor-col-100 elementor-top-column elementor-element elementor-element-f3250b0\" data-id=\"f3250b0\" data-element_type=\"column\">\n\t\t\t<div class=\"elementor-widget-wrap elementor-element-populated\">\n\t\t\t\t\t\t\t\t<div class=\"elementor-element elementor-element-14251ce elementor-widget elementor-widget-heading\" data-id=\"14251ce\" data-element_type=\"widget\" data-widget_type=\"heading.default\">\n\t\t\t\t<div class=\"elementor-widget-container\">\n\t\t\t<style>\/*! elementor - v3.5.6 - 28-02-2022 *\/\n.elementor-heading-title{padding:0;margin:0;line-height:1}.elementor-widget-heading .elementor-heading-title[class*=elementor-size-]>a{color:inherit;font-size:inherit;line-height:inherit}.elementor-widget-heading .elementor-heading-title.elementor-size-small{font-size:15px}.elementor-widget-heading .elementor-heading-title.elementor-size-medium{font-size:19px}.elementor-widget-heading .elementor-heading-title.elementor-size-large{font-size:29px}.elementor-widget-heading .elementor-heading-title.elementor-size-xl{font-size:39px}.elementor-widget-heading .elementor-heading-title.elementor-size-xxl{font-size:59px}<\/style><h2 class=\"elementor-heading-title elementor-size-default\">Impressum &amp; AGB<\/h2>\t\t<\/div>\n\t\t\t\t<\/div>\n\t\t\t\t\t<\/div>\n\t\t<\/div>\n\t\t\t\t\t\t\t<\/div>\n\t\t<\/section>\n\t\t\t\t<section class=\"elementor-section elementor-top-section elementor-element elementor-element-531a7d4 elementor-section-boxed elementor-section-height-default elementor-section-height-default\" data-id=\"531a7d4\" data-element_type=\"section\" data-settings=\"{&quot;background_background&quot;:&quot;classic&quot;}\">\n\t\t\t\t\t\t<div class=\"elementor-container elementor-column-gap-default\">\n\t\t\t\t\t<div class=\"elementor-column elementor-col-100 elementor-top-column elementor-element elementor-element-b84d89d\" data-id=\"b84d89d\" data-element_type=\"column\">\n\t\t\t<div class=\"elementor-widget-wrap elementor-element-populated\">\n\t\t\t\t\t\t\t\t<div class=\"elementor-element elementor-element-f81beb6 elementor-widget elementor-widget-text-editor\" data-id=\"f81beb6\" data-element_type=\"widget\" data-widget_type=\"text-editor.default\">\n\t\t\t\t<div class=\"elementor-widget-container\">\n\t\t\t<style>\/*! elementor - v3.5.6 - 28-02-2022 *\/\n.elementor-widget-text-editor.elementor-drop-cap-view-stacked .elementor-drop-cap{background-color:#818a91;color:#fff}.elementor-widget-text-editor.elementor-drop-cap-view-framed .elementor-drop-cap{color:#818a91;border:3px solid;background-color:transparent}.elementor-widget-text-editor:not(.elementor-drop-cap-view-default) .elementor-drop-cap{margin-top:8px}.elementor-widget-text-editor:not(.elementor-drop-cap-view-default) .elementor-drop-cap-letter{width:1em;height:1em}.elementor-widget-text-editor .elementor-drop-cap{float:left;text-align:center;line-height:1;font-size:50px}.elementor-widget-text-editor .elementor-drop-cap-letter{display:inline-block}<\/style>\t\t\t\t<p><span style=\"font-weight: 400;\">Allgemeine Gesch\u00e4ftsbedingungen (AGB)&nbsp;<\/span><\/p>\n<p><strong>1. Verwender<\/strong><\/p>\n<p><strong>BF LAPTOPS NOTEBOOKS GmbH<\/strong><br>Vedad Babic<br>Darwingasse 4, 1020 Wien<br>+43 677 62183921<br><a href=\"mailto:info@bf-laptops-notebooks.com\">info@bf-laptops-notebooks.com<\/a>&nbsp;<br><span style=\"font-weight: 400;\">UID Nummer: ATU74302514<br>Registergericht: Landesgericht f\u00fcr ZRS Graz<\/span><\/p>\n<p><span style=\"font-weight: 400;\"><b>Berufsbezeichnung: <\/b><br>Kauf, Verkauf, Vermietung und Verwaltung von Immobilien, Handel mit Waren aller Art, insbesondere Computer , Ex- und Import von Waren aus und in das Bundesgebiet \u00d6sterreichs<\/span><\/p>\n<p><strong>2. Geltungsbereich<\/strong><\/p>\n<p><span style=\"font-weight: 400;\">Diese AGB gelten f\u00fcr alle Rechtsgesch\u00e4fte zwischen dem Verwender und einem Verbraucher. Die Bestimmungen dieser AGB gelten f\u00fcr Bestellungen, welche Verbraucher \u00fcber die Webseite <\/span><span style=\"font-weight: 400;\">des Onlineshops <a href=\"https:\/\/www.bf-laptops-notebooks.com\">www.bf-laptops-notebooks.com<\/a> abschlie\u00dfen.<\/span><\/p>\n<p><span style=\"font-weight: 400;\">Mit der Bestellung einer Ware durch einen Klick auf den Button \u201ekostenpflichtig bestellen\u201c am Ende des Bestellvorgangs gibt ein Verbrauchter ein verbindliches Angebot auf einen Kaufvertragsabschluss ab.<\/span><\/p>\n<p><span style=\"font-weight: 400;\">Der Vertragstext wird bei Bestellungen gespeichert. Verbraucher erhalten eine E-Mail mit den Bestelldaten und den geltenden AGB. Nach Vertragsschluss sind die Bestelldaten nicht mehr online einsehbar.<\/span><\/p>\n<p><strong>3. Zahlung<\/strong><\/p>\n<p><span style=\"font-weight: 400;\">Die gesetzliche Umsatzsteuer sowie weitere Preisbestandteile sind in den angebenen Preisen inbegriffen. Versandkosten sind nicht im Preis erhalten und k\u00f6nnen zus\u00e4tzlich anfallen.<\/span><\/p>\n<p><span style=\"font-weight: 400;\">Verbraucher stehen folgende Zahlungsoptionen zur Verf\u00fcgung :<\/span><\/p>\n<ul>\n<li style=\"font-weight: 400;\" aria-level=\"1\"><span style=\"font-weight: 400;\">Kreditkarte<\/span><\/li>\n<li aria-level=\"1\">EPS Sofort\u00fcberweisung<\/li>\n<li aria-level=\"1\">PayPal<\/li>\n<\/ul>\n<p><strong>4. Lieferung&nbsp;<\/strong><\/p>\n<p><span style=\"font-weight: 400;\">Bei Zahlung per Vorkasse oder Kreditkarte beginnt die Lieferfrist einen Tag nach Eingang des Betrages auf das Bankkonto<\/span><\/p>\n<p><span style=\"font-weight: 400;\">Das Risiko f\u00fcr den Verlust oder die Besch\u00e4digung der Ware geht (erst dann) auf einen Verbraucher \u00fcber, wenn dieser oder ein von ihm zum Empfang berechtigter Dritter (der nicht Bef\u00f6rderer ist), die Ware in Besitz genommen hat.<\/span><\/p>\n<p><strong>5. Gew\u00e4hrleistung<\/strong><\/p>\n<p>Unbeschadet gesetzlicher Bestimmungen, die f\u00fcr den Kunden g\u00fcnstiger sind, verpflichtet sich der H\u00e4ndler, dem Kunden f\u00fcr jedes \u00fcber die Plattform erworbene Produkt eine 12-monatige Gew\u00e4hrleistung zu gew\u00e4hren. Der H\u00e4ndler verpflichtet sich, alle M\u00e4ngel, die innerhalb der Gew\u00e4hrleistungsfrist ohne Verschulden des Kunden aufgetreten sind, durch Reparatur oder Austausch des Produkts zu beheben.<strong><br><\/strong><\/p>\n<p><strong>F\u00fcr unsachgem\u00e4\u00df benutzte Produkte verf\u00e4llt die <\/strong><strong><strong>Gew\u00e4hrleistung<\/strong>:<\/strong><\/p>\n<ul>\n<li>Gebrochenes Display\/Geh\u00e4use<\/li>\n<li>Wassersch\u00e4den<\/li>\n<li>Elektrische Defekte durch nicht vom Hersteller freigegebene Ladeger\u00e4te<\/li>\n<li>Installation von nicht vom Hersteller freigegebener Software (inkl. Apps etc.)<\/li>\n<\/ul>\n<p><strong><br>Der <\/strong><strong><strong>Gew\u00e4hrleistungsanspruch <\/strong>erstreckt sich nicht auf:<\/strong><\/p>\n<ul>\n<li>Verschlei\u00dfteile, wie z.B. herausnehmbare Speicherkarten, Kamera- und Objektivverschl\u00fcsse<\/li>\n<li>Zerbrechliche Teile, wie z.B. Glas, Display, Linsen, aufgrund von Br\u00fcchen<\/li>\n<li>Verbrauchsmaterialien, wie Batterien oder Akkus<\/li>\n<li>Geringf\u00fcgige Abweichungen des Ger\u00e4tes vom Sollzustand, die keinen Einfluss auf den Gebrauchswert des Produktes haben.<\/li>\n<li>Bedienungs- und Handhabungsfehler, Sch\u00e4den durch aggressive Umwelteinfl\u00fcsse, Chemikalien, Reinigungsmittel<\/li>\n<li>Defekte am Produkt, die durch Installation und Transport entstanden sind<\/li>\n<\/ul>\n<p><strong><br>Die G\u00fcltigkeit der Gew\u00e4hrleistung endet bei:<\/strong><\/p>\n<ul>\n<li style=\"list-style-type: none;\">\n<ul>\n<li>Nichtbeachtung der Montage-, Pflege- und Gebrauchsanweisung<\/li>\n<li>Sch\u00e4den durch normalen Verschlei\u00df (z.B. Gebrauchsspuren am Geh\u00e4use und\/oder Display) oder mutwillige Besch\u00e4digung<\/li>\n<li>unsachgem\u00e4\u00dfer Inbetriebnahme<\/li>\n<li>fehlende oder falsche Wartung<\/li>\n<li>Sch\u00e4den am Ger\u00e4t, die auf eine nicht bestimmungsgem\u00e4\u00dfe Verwendung hindeuten<\/li>\n<li>Sch\u00e4den durch h\u00f6here Gewalt oder Naturkatastrophen, insbesondere durch \u00dcberschwemmungen, Br\u00e4nde oder Frostsch\u00e4den<\/li>\n<li>\u00d6ffnung\/Reparatur des Ger\u00e4ts durch eine andere Person\/Firma als den H\u00e4ndler selbst (es sei denn, der H\u00e4ndler hat der \u00d6ffnung\/Reparatur durch einen Dritten ausdr\u00fccklich schriftlich zugestimmt)<\/li>\n<\/ul>\n<\/li>\n<\/ul>\n<p>Zus\u00e4tzlich gekaufte Verl\u00e4ngerung der G(auf 24 Monate) deckt die Akku des Ger\u00e4ts nicht.<\/p>\n<p><strong>6. Das Wiederrufsrecht<\/strong><\/p>\n<p><span style=\"font-weight: 400;\">Der Kunde hat die Waren unverz\u00fcglich und in jedem Fall sp\u00e4testens binnen 14 Tagen ab dem Tag, an dem er uns den Auftragnehmer \u00fcber den Widerruf dieses Vertrags unterrichtet, an<\/span><\/p>\n<p><strong>BF LAPTOPS NOTEBOOKS GmbH<\/strong><br>Darwingasse 4, 1020 Wien<br>+43 677 62183921<br><a href=\"mailto:info@bf-laptops-notebooks.com\">info@bf-laptops-notebooks.com<\/a><\/p>\n<p><span style=\"font-weight: 400;\">zur\u00fcckzusenden. Die Frist ist gewahrt, wenn der Kunde die Waren vor Ablauf der Frist von 14 Tagen absendet.<\/span><\/p>\t\t\t\t\t\t<\/div>\n\t\t\t\t<\/div>\n\t\t\t\t\t<\/div>\n\t\t<\/div>\n\t\t\t\t\t\t\t<\/div>\n\t\t<\/section>\n\t\t\t\t<section class=\"elementor-section elementor-top-section elementor-element elementor-element-f6d5046 elementor-section-boxed elementor-section-height-default elementor-section-height-default\" data-id=\"f6d5046\" data-element_type=\"section\" data-settings=\"{&quot;background_background&quot;:&quot;classic&quot;}\">\n\t\t\t\t\t\t<div class=\"elementor-container elementor-column-gap-default\">\n\t\t\t\t\t<div class=\"elementor-column elementor-col-100 elementor-top-column elementor-element elementor-element-8a8cd2f\" data-id=\"8a8cd2f\" data-element_type=\"column\">\n\t\t\t<div class=\"elementor-widget-wrap elementor-element-populated\">\n\t\t\t\t\t\t\t\t<div class=\"elementor-element elementor-element-1538c0c elementor-widget elementor-widget-spacer\" data-id=\"1538c0c\" data-element_type=\"widget\" data-widget_type=\"spacer.default\">\n\t\t\t\t<div class=\"elementor-widget-container\">\n\t\t\t\t\t<div class=\"elementor-spacer\">\n\t\t\t<div class=\"elementor-spacer-inner\"><\/div>\n\t\t<\/div>\n\t\t\t\t<\/div>\n\t\t\t\t<\/div>\n\t\t\t\t\t<\/div>\n\t\t<\/div>\n\t\t\t\t\t\t\t<\/div>\n\t\t<\/section>\n\t\t\t\t\t\t<\/div>\n\t\t\t\t\t<\/div>\n\t\t","protected":false},"excerpt":{"rendered":"<p>Impressum &amp; AGB Allgemeine Gesch\u00e4ftsbedingungen (AGB)&nbsp; 1. Verwender BF LAPTOPS NOTEBOOKS GmbHVedad BabicDarwingasse 4, 1020 Wien+43 677 62183921info@bf-laptops-notebooks.com&nbsp;UID Nummer: ATU74302514Registergericht: Landesgericht f\u00fcr ZRS Graz Berufsbezeichnung: Kauf, Verkauf, Vermietung und Verwaltung von Immobilien, Handel mit Waren aller Art, insbesondere Computer , Ex- und Import von Waren aus und in das Bundesgebiet \u00d6sterreichs 2. Geltungsbereich Diese AGB [&hellip;]<\/p>\n","protected":false},"author":1,"featured_media":7256,"parent":0,"menu_order":4,"comment_status":"closed","ping_status":"closed","template":"","meta":{"footnotes":""},"class_list":["post-25","page","type-page","status-publish","has-post-thumbnail","hentry"],"aioseo_notices":[],"_links":{"self":[{"href":"https:\/\/www.bf-laptops-notebooks.com\/en\/wp-json\/wp\/v2\/pages\/25","targetHints":{"allow":["GET"]}}],"collection":[{"href":"https:\/\/www.bf-laptops-notebooks.com\/en\/wp-json\/wp\/v2\/pages"}],"about":[{"href":"https:\/\/www.bf-laptops-notebooks.com\/en\/wp-json\/wp\/v2\/types\/page"}],"author":[{"embeddable":true,"href":"https:\/\/www.bf-laptops-notebooks.com\/en\/wp-json\/wp\/v2\/users\/1"}],"replies":[{"embeddable":true,"href":"https:\/\/www.bf-laptops-notebooks.com\/en\/wp-json\/wp\/v2\/comments?post=25"}],"version-history":[{"count":55,"href":"https:\/\/www.bf-laptops-notebooks.com\/en\/wp-json\/wp\/v2\/pages\/25\/revisions"}],"predecessor-version":[{"id":19881,"href":"https:\/\/www.bf-laptops-notebooks.com\/en\/wp-json\/wp\/v2\/pages\/25\/revisions\/19881"}],"wp:featuredmedia":[{"embeddable":true,"href":"https:\/\/www.bf-laptops-notebooks.com\/en\/wp-json\/wp\/v2\/media\/7256"}],"wp:attachment":[{"href":"https:\/\/www.bf-laptops-notebooks.com\/en\/wp-json\/wp\/v2\/media?parent=25"}],"curies":[{"name":"wp","href":"https:\/\/api.w.org\/{rel}","templated":true}]}}